{"id":3552,"date":"2022-10-05T09:57:09","date_gmt":"2022-10-05T07:57:09","guid":{"rendered":"https:\/\/wiki.edv-cad.de\/pomoc-online-elementscad-cam\/"},"modified":"2024-07-31T04:57:57","modified_gmt":"2024-07-31T02:57:57","slug":"pomoc-online-elementscad-cam","status":"publish","type":"page","link":"https:\/\/wiki.edv-cad.de\/pl\/","title":{"rendered":"Pomoc online ElementsCAD &amp; -CAM"},"content":{"rendered":"\n<div class=\"wp-block-group\"><div class=\"wp-block-group__inner-container is-layout-flow wp-block-group-is-layout-flow\">\n<div style=\"height:30px\" aria-hidden=\"true\" class=\"wp-block-spacer\"><\/div>\n\n\n\n<h2 class=\"wp-block-heading has-text-align-center\">Szukaj w elementachWiki&#8230;<\/h2>\n\n\n\n<div class=\"wp-block-columns is-layout-flex wp-container-core-columns-is-layout-9d6595d7 wp-block-columns-is-layout-flex\">\n<div class=\"wp-block-column is-layout-flow wp-block-column-is-layout-flow\" style=\"flex-basis:25%\"><\/div>\n\n\n\n<div class=\"wp-block-column is-layout-flow wp-block-column-is-layout-flow\" style=\"flex-basis:50%\"><form role=\"search\" method=\"get\" action=\"https:\/\/wiki.edv-cad.de\/pl\/\" class=\"wp-block-search__button-inside wp-block-search__icon-button wp-block-search\"    ><label class=\"wp-block-search__label screen-reader-text\" for=\"wp-block-search__input-2\" >Szuka\u0107<\/label><div class=\"wp-block-search__inside-wrapper\" ><input class=\"wp-block-search__input\" id=\"wp-block-search__input-2\" placeholder=\"Wpisz wyszukiwane has\u0142o...\" value=\"\" type=\"search\" name=\"s\" required \/><button aria-label=\"Szuka\u0107\" class=\"wp-block-search__button has-icon wp-element-button\" type=\"submit\" ><svg class=\"search-icon\" viewBox=\"0 0 24 24\" width=\"24\" height=\"24\">\n\t\t\t\t\t<path d=\"M13 5c-3.3 0-6 2.7-6 6 0 1.4.5 2.7 1.3 3.7l-3.8 3.8 1.1 1.1 3.8-3.8c1 .8 2.3 1.3 3.7 1.3 3.3 0 6-2.7 6-6S16.3 5 13 5zm0 10.5c-2.5 0-4.5-2-4.5-4.5s2-4.5 4.5-4.5 4.5 2 4.5 4.5-2 4.5-4.5 4.5z\"><\/path>\n\t\t\t\t<\/svg><\/button><\/div><\/form><\/div>\n\n\n\n<div class=\"wp-block-column is-layout-flow wp-block-column-is-layout-flow\" style=\"flex-basis:25%\"><\/div>\n<\/div>\n\n\n\n<div style=\"height:30px\" aria-hidden=\"true\" class=\"wp-block-spacer\"><\/div>\n<\/div><\/div>\n\n<div class=\"wp-block-group alignfull has-background\" style=\"background-color:#f3f3f3\"><div class=\"wp-block-group__inner-container is-layout-flow wp-block-group-is-layout-flow\">\n<div style=\"height:30px\" aria-hidden=\"true\" class=\"wp-block-spacer\"><\/div>\n\n\n\n<div class=\"wp-block-group alignwide\"><div class=\"wp-block-group__inner-container is-layout-flow wp-block-group-is-layout-flow\">\n<h2 class=\"wp-block-heading\">Pomoc wed\u0142ug produktu<\/h2>\n\n\n\n<div class=\"wp-block-columns is-layout-flex wp-container-core-columns-is-layout-9d6595d7 wp-block-columns-is-layout-flex\">\n<div class=\"wp-block-column has-white-background-color has-background is-layout-flow wp-block-column-is-layout-flow\"><div class=\"wp-block-image\">\n<figure class=\"aligncenter size-large\"><img loading=\"lazy\" decoding=\"async\" width=\"1024\" height=\"231\" src=\"https:\/\/wiki.edv-cad.de\/wp-content\/uploads\/2023\/05\/Elements-CAD-transparent-1024x231.png\" alt=\"Pomoc online ElementsCAD\" class=\"wp-image-376\" title=\"\" srcset=\"https:\/\/wiki.edv-cad.de\/wp-content\/uploads\/2023\/05\/Elements-CAD-transparent-1024x231.png 1024w, https:\/\/wiki.edv-cad.de\/wp-content\/uploads\/2023\/05\/Elements-CAD-transparent-300x68.png 300w, https:\/\/wiki.edv-cad.de\/wp-content\/uploads\/2023\/05\/Elements-CAD-transparent-768x174.png 768w, https:\/\/wiki.edv-cad.de\/wp-content\/uploads\/2023\/05\/Elements-CAD-transparent-1536x347.png 1536w, https:\/\/wiki.edv-cad.de\/wp-content\/uploads\/2023\/05\/Elements-CAD-transparent-2048x463.png 2048w\" sizes=\"auto, (max-width: 1024px) 100vw, 1024px\" \/><\/figure>\n<\/div>\n\n\n<p class=\"has-text-align-center\">Pomoc online dla dodatku TischlerCAD w Vectorworks &#8222;ElementsCAD&#8221;<\/p>\n<\/div>\n\n\n\n<div class=\"wp-block-column has-white-background-color has-background is-layout-flow wp-block-column-is-layout-flow\"><div class=\"wp-block-image\">\n<figure class=\"aligncenter size-large\"><img loading=\"lazy\" decoding=\"async\" width=\"1024\" height=\"231\" src=\"https:\/\/wiki.edv-cad.de\/wp-content\/uploads\/2023\/05\/Elements-CAM-transparent-1024x231.png\" alt=\"Pomoc online ElementsCAM\" class=\"wp-image-378\" title=\"\" srcset=\"https:\/\/wiki.edv-cad.de\/wp-content\/uploads\/2023\/05\/Elements-CAM-transparent-1024x231.png 1024w, https:\/\/wiki.edv-cad.de\/wp-content\/uploads\/2023\/05\/Elements-CAM-transparent-300x68.png 300w, https:\/\/wiki.edv-cad.de\/wp-content\/uploads\/2023\/05\/Elements-CAM-transparent-768x174.png 768w, https:\/\/wiki.edv-cad.de\/wp-content\/uploads\/2023\/05\/Elements-CAM-transparent-1536x347.png 1536w, https:\/\/wiki.edv-cad.de\/wp-content\/uploads\/2023\/05\/Elements-CAM-transparent-2048x463.png 2048w\" sizes=\"auto, (max-width: 1024px) 100vw, 1024px\" \/><\/figure>\n<\/div>\n\n\n<p class=\"has-text-align-center\">Cooming wkr\u00f3tce&#8230;<\/p>\n<\/div>\n\n\n\n<div class=\"wp-block-column has-white-background-color has-background is-layout-flow wp-block-column-is-layout-flow\"><div class=\"wp-block-image\">\n<figure class=\"aligncenter size-large\"><img loading=\"lazy\" decoding=\"async\" width=\"1024\" height=\"184\" src=\"https:\/\/wiki.edv-cad.de\/wp-content\/uploads\/2023\/05\/Vectorworks_own-1024x184.png\" alt=\"Pomoc online Vectorworks\" class=\"wp-image-380\" title=\"\" srcset=\"https:\/\/wiki.edv-cad.de\/wp-content\/uploads\/2023\/05\/Vectorworks_own-1024x184.png 1024w, https:\/\/wiki.edv-cad.de\/wp-content\/uploads\/2023\/05\/Vectorworks_own-300x54.png 300w, https:\/\/wiki.edv-cad.de\/wp-content\/uploads\/2023\/05\/Vectorworks_own-768x138.png 768w, https:\/\/wiki.edv-cad.de\/wp-content\/uploads\/2023\/05\/Vectorworks_own-1536x276.png 1536w, https:\/\/wiki.edv-cad.de\/wp-content\/uploads\/2023\/05\/Vectorworks_own.png 1950w\" sizes=\"auto, (max-width: 1024px) 100vw, 1024px\" \/><\/figure>\n<\/div>\n\n\n<p class=\"has-text-align-center\">Cooming wkr\u00f3tce&#8230;<\/p>\n<\/div>\n<\/div>\n<\/div><\/div>\n\n\n\n<div style=\"height:30px\" aria-hidden=\"true\" class=\"wp-block-spacer\"><\/div>\n<\/div><\/div>\n\n<div class=\"wp-block-group\"><div class=\"wp-block-group__inner-container is-layout-flow wp-block-group-is-layout-flow\">\n<div style=\"height:30px\" aria-hidden=\"true\" class=\"wp-block-spacer\"><\/div>\n\n\n\n<div class=\"wp-block-columns is-layout-flex wp-container-core-columns-is-layout-9d6595d7 wp-block-columns-is-layout-flex\">\n<div class=\"wp-block-column is-layout-flow wp-block-column-is-layout-flow\">\n<h2 class=\"wp-block-heading has-text-align-left\">Pomoc wed\u0142ug kategorii<\/h2>\n\n\n<ul class=\"wp-block-categories-list wp-block-categories\">\t<li class=\"cat-item cat-item-121\"><a href=\"https:\/\/wiki.edv-cad.de\/pl\/elementcam\/\">ElementCAM<\/a>\n<\/li>\n\t<li class=\"cat-item cat-item-114\"><a href=\"https:\/\/wiki.edv-cad.de\/pl\/elementscad-pl\/\">ElementsCAD<\/a>\n<ul class='children'>\n\t<li class=\"cat-item cat-item-265\"><a href=\"https:\/\/wiki.edv-cad.de\/pl\/elementscad-pl\/grupa-narzedzi\/\">Grupa narz\u0119dzi<\/a>\n\t<ul class='children'>\n\t<li class=\"cat-item cat-item-138\"><a href=\"https:\/\/wiki.edv-cad.de\/pl\/elementscad-pl\/grupa-narzedzi\/konfiguracja-szafy-sterowniczej\/\">Konfiguracja szafy sterowniczej<\/a>\n<\/li>\n\t<li class=\"cat-item cat-item-145\"><a href=\"https:\/\/wiki.edv-cad.de\/pl\/elementscad-pl\/grupa-narzedzi\/schematy-wiercenia\/\">Schematy wiercenia<\/a>\n<\/li>\n\t<li class=\"cat-item cat-item-133\"><a href=\"https:\/\/wiki.edv-cad.de\/pl\/elementscad-pl\/grupa-narzedzi\/szafka-szeregowa\/\">Szafka szeregowa<\/a>\n<\/li>\n\t<\/ul>\n<\/li>\n\t<li class=\"cat-item cat-item-266\"><a href=\"https:\/\/wiki.edv-cad.de\/pl\/elementscad-pl\/menu-elementscad-pl\/\">Menu ElementsCAD<\/a>\n\t<ul class='children'>\n\t<li class=\"cat-item cat-item-203\"><a href=\"https:\/\/wiki.edv-cad.de\/pl\/elementscad-pl\/menu-elementscad-pl\/informacje-o-programie-elementscad\/\">Informacje o programie ElementsCAD<\/a>\n<\/li>\n\t<\/ul>\n<\/li>\n<\/ul>\n<\/li>\n\t<li class=\"cat-item cat-item-158\"><a href=\"https:\/\/wiki.edv-cad.de\/pl\/prace-wektorowe\/\">Prace wektorowe<\/a>\n<\/li>\n<\/ul><\/div>\n\n\n\n<div class=\"wp-block-column is-layout-flow wp-block-column-is-layout-flow\">\n<h2 class=\"wp-block-heading\">Szybki dost\u0119p<\/h2>\n\n\n\n<ul class=\"wp-block-list\">\n<li><a href=\"https:\/\/wiki.edv-cad.de\/pl\/elementscad-pl\/instalacja-elementscad\/\" data-type=\"post\" data-id=\"65\">ElementsCAD<\/a><\/li>\n\n\n\n<li><a href=\"https:\/\/wiki.edv-cad.de\/pl\/prace-wektorowe\/instalacja-vectorworks\/\" data-type=\"post\" data-id=\"81\">Instalacja Vectorworks<\/a><\/li>\n<\/ul>\n<\/div>\n\n\n\n<div class=\"wp-block-column is-layout-flow wp-block-column-is-layout-flow\">\n<h2 class=\"wp-block-heading\">Pomoc tematyczna<\/h2>\n\n\n<p class=\"is-style-default wp-block-tag-cloud\"><a href=\"https:\/\/wiki.edv-cad.de\/pl\/thema\/eksport\/\" class=\"tag-cloud-link tag-link-159 tag-link-position-1\" style=\"font-size: 10pt;\" aria-label=\"Eksport (1 element)\">Eksport<\/a>\n<a href=\"https:\/\/wiki.edv-cad.de\/pl\/thema\/gabinet-informacje-o-komponentach-tekstury\/\" class=\"tag-cloud-link tag-link-198 tag-link-position-2\" style=\"font-size: 10pt;\" aria-label=\"Gabinet | Informacje o komponentach | Tekstury (1 element)\">Gabinet | Informacje o komponentach | Tekstury<\/a>\n<a href=\"https:\/\/wiki.edv-cad.de\/pl\/thema\/informacje-o-programie-elementscad\/\" class=\"tag-cloud-link tag-link-205 tag-link-position-3\" style=\"font-size: 10pt;\" aria-label=\"Informacje o programie ElementsCAD (1 element)\">Informacje o programie ElementsCAD<\/a>\n<a href=\"https:\/\/wiki.edv-cad.de\/pl\/thema\/instalacja\/\" class=\"tag-cloud-link tag-link-115 tag-link-position-4\" style=\"font-size: 14.6153846154pt;\" aria-label=\"Instalacja (3 elementy)\">Instalacja<\/a>\n<a href=\"https:\/\/wiki.edv-cad.de\/pl\/thema\/konfiguracja-szafy-tylna-sciana\/\" class=\"tag-cloud-link tag-link-208 tag-link-position-5\" style=\"font-size: 10pt;\" aria-label=\"Konfiguracja szafy | Tylna \u015bciana (1 element)\">Konfiguracja szafy | Tylna \u015bciana<\/a>\n<a href=\"https:\/\/wiki.edv-cad.de\/pl\/thema\/parametry-szafy\/\" class=\"tag-cloud-link tag-link-192 tag-link-position-6\" style=\"font-size: 19.2307692308pt;\" aria-label=\"Parametry szafy (7 element\u00f3w)\">Parametry szafy<\/a>\n<a href=\"https:\/\/wiki.edv-cad.de\/pl\/thema\/schematy-wiercenia\/\" class=\"tag-cloud-link tag-link-148 tag-link-position-7\" style=\"font-size: 20pt;\" aria-label=\"Schematy wiercenia (8 element\u00f3w)\">Schematy wiercenia<\/a>\n<a href=\"https:\/\/wiki.edv-cad.de\/pl\/thema\/szafa-konfiguracyjna-wstepna\/\" class=\"tag-cloud-link tag-link-252 tag-link-position-8\" style=\"font-size: 10pt;\" aria-label=\"Szafa konfiguracyjna wst\u0119pna (1 element)\">Szafa konfiguracyjna wst\u0119pna<\/a><\/p><\/div>\n<\/div>\n<\/div><\/div>\n","protected":false},"excerpt":{"rendered":"<p>Szukaj w elementachWiki&#8230; Pomoc wed\u0142ug produktu Pomoc online dla dodatku TischlerCAD w Vectorworks &#8222;ElementsCAD&#8221; Cooming wkr\u00f3tce&#8230; Cooming wkr\u00f3tce&#8230; Pomoc wed\u0142ug kategorii Szybki dost\u0119p Pomoc tematyczna<\/p>\n","protected":false},"author":1,"featured_media":0,"parent":0,"menu_order":0,"comment_status":"closed","ping_status":"closed","template":"","meta":{"ocean_post_layout":"full-width","ocean_both_sidebars_style":"","ocean_both_sidebars_content_width":0,"ocean_both_sidebars_sidebars_width":0,"ocean_sidebar":"0","ocean_second_sidebar":"0","ocean_disable_margins":"enable","ocean_add_body_class":"","ocean_shortcode_before_top_bar":"","ocean_shortcode_after_top_bar":"","ocean_shortcode_before_header":"","ocean_shortcode_after_header":"","ocean_has_shortcode":"","ocean_shortcode_after_title":"","ocean_shortcode_before_footer_widgets":"","ocean_shortcode_after_footer_widgets":"","ocean_shortcode_before_footer_bottom":"","ocean_shortcode_after_footer_bottom":"","ocean_display_top_bar":"default","ocean_display_header":"default","ocean_header_style":"","ocean_center_header_left_menu":"0","ocean_custom_header_template":"0","ocean_custom_logo":0,"ocean_custom_retina_logo":0,"ocean_custom_logo_max_width":0,"ocean_custom_logo_tablet_max_width":0,"ocean_custom_logo_mobile_max_width":0,"ocean_custom_logo_max_height":0,"ocean_custom_logo_tablet_max_height":0,"ocean_custom_logo_mobile_max_height":0,"ocean_header_custom_menu":"0","ocean_menu_typo_font_family":"0","ocean_menu_typo_font_subset":"","ocean_menu_typo_font_size":0,"ocean_menu_typo_font_size_tablet":0,"ocean_menu_typo_font_size_mobile":0,"ocean_menu_typo_font_size_unit":"px","ocean_menu_typo_font_weight":"","ocean_menu_typo_font_weight_tablet":"","ocean_menu_typo_font_weight_mobile":"","ocean_menu_typo_transform":"","ocean_menu_typo_transform_tablet":"","ocean_menu_typo_transform_mobile":"","ocean_menu_typo_line_height":0,"ocean_menu_typo_line_height_tablet":0,"ocean_menu_typo_line_height_mobile":0,"ocean_menu_typo_line_height_unit":"","ocean_menu_typo_spacing":0,"ocean_menu_typo_spacing_tablet":0,"ocean_menu_typo_spacing_mobile":0,"ocean_menu_typo_spacing_unit":"","ocean_menu_link_color":"","ocean_menu_link_color_hover":"","ocean_menu_link_color_active":"","ocean_menu_link_background":"","ocean_menu_link_hover_background":"","ocean_menu_link_active_background":"","ocean_menu_social_links_bg":"","ocean_menu_social_hover_links_bg":"","ocean_menu_social_links_color":"","ocean_menu_social_hover_links_color":"","ocean_disable_title":"on","ocean_disable_heading":"default","ocean_post_title":"","ocean_post_subheading":"","ocean_post_title_style":"","ocean_post_title_background_color":"","ocean_post_title_background":0,"ocean_post_title_bg_image_position":"","ocean_post_title_bg_image_attachment":"","ocean_post_title_bg_image_repeat":"","ocean_post_title_bg_image_size":"","ocean_post_title_height":0,"ocean_post_title_bg_overlay":0.5,"ocean_post_title_bg_overlay_color":"","ocean_disable_breadcrumbs":"default","ocean_breadcrumbs_color":"","ocean_breadcrumbs_separator_color":"","ocean_breadcrumbs_links_color":"","ocean_breadcrumbs_links_hover_color":"","ocean_display_footer_widgets":"default","ocean_display_footer_bottom":"default","ocean_custom_footer_template":"0","footnotes":""},"class_list":["post-3552","page","type-page","status-publish","hentry","entry"],"_links":{"self":[{"href":"https:\/\/wiki.edv-cad.de\/pl\/wp-json\/wp\/v2\/pages\/3552","targetHints":{"allow":["GET"]}}],"collection":[{"href":"https:\/\/wiki.edv-cad.de\/pl\/wp-json\/wp\/v2\/pages"}],"about":[{"href":"https:\/\/wiki.edv-cad.de\/pl\/wp-json\/wp\/v2\/types\/page"}],"author":[{"embeddable":true,"href":"https:\/\/wiki.edv-cad.de\/pl\/wp-json\/wp\/v2\/users\/1"}],"replies":[{"embeddable":true,"href":"https:\/\/wiki.edv-cad.de\/pl\/wp-json\/wp\/v2\/comments?post=3552"}],"version-history":[{"count":0,"href":"https:\/\/wiki.edv-cad.de\/pl\/wp-json\/wp\/v2\/pages\/3552\/revisions"}],"wp:attachment":[{"href":"https:\/\/wiki.edv-cad.de\/pl\/wp-json\/wp\/v2\/media?parent=3552"}],"curies":[{"name":"wp","href":"https:\/\/api.w.org\/{rel}","templated":true}]}}