{"id":731,"date":"2023-09-26T07:16:07","date_gmt":"2023-09-26T05:16:07","guid":{"rendered":"https:\/\/wiki.edv-cad.de\/impresion\/"},"modified":"2025-02-15T14:30:36","modified_gmt":"2025-02-15T13:30:36","slug":"impresion","status":"publish","type":"page","link":"https:\/\/wiki.edv-cad.de\/es\/impresion\/","title":{"rendered":"Impresi\u00f3n"},"content":{"rendered":"\n<p>Esta es nuestra huella. Aqu\u00ed encontrar\u00e1 toda la informaci\u00f3n relevante y legal sobre la identificaci\u00f3n de nuestro proveedor.<\/p>\n\n<h2 class=\"wp-block-heading\">Informaci\u00f3n seg\u00fan \u00a7 5 TMG<\/h2>\n\n<p>edv &amp; cad group<br\/>Tilo 4<br\/>83052 Bruckm\u00fchl<br\/>Alemania<\/p>\n\n<h2 class=\"wp-block-heading\">Contacto<\/h2>\n\n<p>Tel\u00e9fono: <a href=\"http:\/\/tel:008025995969\/\">+49 (0)8025 995969<\/a><br\/>Fax.: +49 (0)8025 995970<\/p>\n\n<p><a href=\"mailto:info@edv-cad.de\">info@edv-cad.de<\/a> o <a href=\"https:\/\/edv-cad.de\/kontakt\/\">formulario de contacto en esta p\u00e1gina<\/a><\/p>\n\n<h2 class=\"wp-block-heading\">Responsable del contenido de acuerdo con el \u00a7 55 Abs. 2 RStV<\/h2>\n\n<p>Hannes Ellmeier<\/p>\n\n<h2 class=\"wp-block-heading\">Soluci\u00f3n de diferencias de la UE<\/h2>\n\n<p>La Comisi\u00f3n Europea proporciona una plataforma para la resoluci\u00f3n de litigios en l\u00ednea (ODR): <a href=\"https:\/\/ec.europa.eu\/consumers\/odr\/main\/index.cfm\" target=\"_blank\" rel=\"noreferrer noopener nofollow\">https:\/\/ec.europa.eu\/consumers\/odr\/main\/index.cfm<\/a><br\/>Puede encontrar nuestra direcci\u00f3n de correo electr\u00f3nico en el pie de imprenta de arriba.<\/p>\n\n<h2 class=\"wp-block-heading\">Resoluci\u00f3n de Litigios de Consumo \/ Junta Universal de Arbitraje<\/h2>\n\n<p>No estamos dispuestos ni obligados a participar en procedimientos de resoluci\u00f3n de disputas ante una junta arbitral de consumo.<\/p>\n\n<h2 class=\"wp-block-heading\">Responsabilidad por el contenido<\/h2>\n\n<p>Como proveedor de servicios, estamos obligados a cumplir con el \u00a7 7 p\u00e1rr. 1 TMG es responsable de su propio contenido en estas p\u00e1ginas de acuerdo con las leyes generales. Sin embargo, de acuerdo con los \u00a7\u00a7 8 a 10 de la TMG, nosotros, como proveedores de servicios, no estamos obligados a supervisar la informaci\u00f3n de terceros transmitida o almacenada ni a investigar circunstancias que indiquen una actividad ilegal.<\/p>\n\n<p>Las obligaciones de eliminar o bloquear el uso de la informaci\u00f3n de acuerdo con las leyes generales no se ven afectadas. Sin embargo, la responsabilidad en este sentido solo es posible a partir del momento en que se tiene conocimiento de una infracci\u00f3n espec\u00edfica. Si tenemos conocimiento de tales infracciones, eliminaremos este contenido de inmediato. Las obligaciones de eliminar o bloquear el uso de la informaci\u00f3n de acuerdo con las leyes generales no se ven afectadas. Sin embargo, la responsabilidad en este sentido solo es posible a partir del momento en que se tiene conocimiento de una infracci\u00f3n espec\u00edfica. Si tenemos conocimiento de tales infracciones, eliminaremos este contenido de inmediato.<\/p>\n\n<h2 class=\"wp-block-heading\">Responsabilidad de los enlaces<\/h2>\n\n<p>Nuestro sitio web contiene enlaces a sitios web externos de terceros, sobre cuyo contenido no tenemos ninguna influencia. Por lo tanto, no podemos asumir ninguna responsabilidad por estos contenidos de terceros. El respectivo proveedor u operador de las p\u00e1ginas es siempre responsable del contenido de las p\u00e1ginas enlazadas. En el momento de la vinculaci\u00f3n, se comprob\u00f3 la existencia de posibles infracciones legales en las p\u00e1ginas enlazadas. El contenido ilegal no era reconocible en el momento de la vinculaci\u00f3n.<\/p>\n\n<p>Sin embargo, un control permanente del contenido de las p\u00e1ginas enlazadas no es razonable sin indicios concretos de una violaci\u00f3n de la ley. Si tenemos conocimiento de alguna infracci\u00f3n legal, eliminaremos dichos enlaces de inmediato.<\/p>\n\n<h2 class=\"wp-block-heading\">Derechos de autor<\/h2>\n\n<p>El contenido y las obras creadas por los operadores del sitio en estas p\u00e1ginas est\u00e1n sujetos a la ley alemana de derechos de autor. La reproducci\u00f3n, edici\u00f3n, distribuci\u00f3n y cualquier tipo de explotaci\u00f3n fuera de los l\u00edmites de la ley de derechos de autor requieren el consentimiento por escrito del respectivo autor o creador. En la medida en que el contenido de esta p\u00e1gina no haya sido creado por el operador, se respetan los derechos de autor de terceros. En particular, los contenidos de terceros se marcar\u00e1n como tales. No obstante, si tiene conocimiento de una infracci\u00f3n de los derechos de autor, le rogamos que nos lo comunique. Si tenemos conocimiento de alguna infracci\u00f3n legal, eliminaremos dicho contenido de inmediato.<\/p>\n","protected":false},"excerpt":{"rendered":"<p>Esta es nuestra huella. Aqu\u00ed encontrar\u00e1 toda la informaci\u00f3n relevante y legal sobre la identificaci\u00f3n de nuestro proveedor. Informaci\u00f3n seg\u00fan \u00a7 5 TMG edv &amp; cad groupTilo 483052 Bruckm\u00fchlAlemania Contacto Tel\u00e9fono: +49 (0)8025 995969Fax.: +49 (0)8025 995970 info@edv-cad.de o formulario de contacto en esta p\u00e1gina Responsable del contenido de acuerdo con el \u00a7 55 Abs. [&hellip;]<\/p>\n","protected":false},"author":1,"featured_media":0,"parent":0,"menu_order":0,"comment_status":"closed","ping_status":"closed","template":"","meta":{"ocean_post_layout":"","ocean_both_sidebars_style":"","ocean_both_sidebars_content_width":0,"ocean_both_sidebars_sidebars_width":0,"ocean_sidebar":"","ocean_second_sidebar":"","ocean_disable_margins":"enable","ocean_add_body_class":"","ocean_shortcode_before_top_bar":"","ocean_shortcode_after_top_bar":"","ocean_shortcode_before_header":"","ocean_shortcode_after_header":"","ocean_has_shortcode":"","ocean_shortcode_after_title":"","ocean_shortcode_before_footer_widgets":"","ocean_shortcode_after_footer_widgets":"","ocean_shortcode_before_footer_bottom":"","ocean_shortcode_after_footer_bottom":"","ocean_display_top_bar":"default","ocean_display_header":"default","ocean_header_style":"","ocean_center_header_left_menu":"","ocean_custom_header_template":"","ocean_custom_logo":0,"ocean_custom_retina_logo":0,"ocean_custom_logo_max_width":0,"ocean_custom_logo_tablet_max_width":0,"ocean_custom_logo_mobile_max_width":0,"ocean_custom_logo_max_height":0,"ocean_custom_logo_tablet_max_height":0,"ocean_custom_logo_mobile_max_height":0,"ocean_header_custom_menu":"","ocean_menu_typo_font_family":"","ocean_menu_typo_font_subset":"","ocean_menu_typo_font_size":0,"ocean_menu_typo_font_size_tablet":0,"ocean_menu_typo_font_size_mobile":0,"ocean_menu_typo_font_size_unit":"px","ocean_menu_typo_font_weight":"","ocean_menu_typo_font_weight_tablet":"","ocean_menu_typo_font_weight_mobile":"","ocean_menu_typo_transform":"","ocean_menu_typo_transform_tablet":"","ocean_menu_typo_transform_mobile":"","ocean_menu_typo_line_height":0,"ocean_menu_typo_line_height_tablet":0,"ocean_menu_typo_line_height_mobile":0,"ocean_menu_typo_line_height_unit":"","ocean_menu_typo_spacing":0,"ocean_menu_typo_spacing_tablet":0,"ocean_menu_typo_spacing_mobile":0,"ocean_menu_typo_spacing_unit":"","ocean_menu_link_color":"","ocean_menu_link_color_hover":"","ocean_menu_link_color_active":"","ocean_menu_link_background":"","ocean_menu_link_hover_background":"","ocean_menu_link_active_background":"","ocean_menu_social_links_bg":"","ocean_menu_social_hover_links_bg":"","ocean_menu_social_links_color":"","ocean_menu_social_hover_links_color":"","ocean_disable_title":"default","ocean_disable_heading":"default","ocean_post_title":"","ocean_post_subheading":"","ocean_post_title_style":"","ocean_post_title_background_color":"","ocean_post_title_background":0,"ocean_post_title_bg_image_position":"","ocean_post_title_bg_image_attachment":"","ocean_post_title_bg_image_repeat":"","ocean_post_title_bg_image_size":"","ocean_post_title_height":0,"ocean_post_title_bg_overlay":0.5,"ocean_post_title_bg_overlay_color":"","ocean_disable_breadcrumbs":"default","ocean_breadcrumbs_color":"","ocean_breadcrumbs_separator_color":"","ocean_breadcrumbs_links_color":"","ocean_breadcrumbs_links_hover_color":"","ocean_display_footer_widgets":"default","ocean_display_footer_bottom":"default","ocean_custom_footer_template":"","footnotes":""},"class_list":["post-731","page","type-page","status-publish","hentry","entry"],"_links":{"self":[{"href":"https:\/\/wiki.edv-cad.de\/es\/wp-json\/wp\/v2\/pages\/731","targetHints":{"allow":["GET"]}}],"collection":[{"href":"https:\/\/wiki.edv-cad.de\/es\/wp-json\/wp\/v2\/pages"}],"about":[{"href":"https:\/\/wiki.edv-cad.de\/es\/wp-json\/wp\/v2\/types\/page"}],"author":[{"embeddable":true,"href":"https:\/\/wiki.edv-cad.de\/es\/wp-json\/wp\/v2\/users\/1"}],"replies":[{"embeddable":true,"href":"https:\/\/wiki.edv-cad.de\/es\/wp-json\/wp\/v2\/comments?post=731"}],"version-history":[{"count":6,"href":"https:\/\/wiki.edv-cad.de\/es\/wp-json\/wp\/v2\/pages\/731\/revisions"}],"predecessor-version":[{"id":3713,"href":"https:\/\/wiki.edv-cad.de\/es\/wp-json\/wp\/v2\/pages\/731\/revisions\/3713"}],"wp:attachment":[{"href":"https:\/\/wiki.edv-cad.de\/es\/wp-json\/wp\/v2\/media?parent=731"}],"curies":[{"name":"wp","href":"https:\/\/api.w.org\/{rel}","templated":true}]}}